{"id":2,"date":"2009-09-18T19:00:54","date_gmt":"2009-09-18T17:00:54","guid":{"rendered":"http:\/\/www.pc-flash.fr\/wordpress\/?page_id=2"},"modified":"2009-09-18T19:00:54","modified_gmt":"2009-09-18T17:00:54","slug":"about","status":"publish","type":"page","link":"https:\/\/www.pc-flash.fr\/wordpress\/about\/","title":{"rendered":"About"},"content":{"rendered":"<p>This is an example of a WordPress page, you could edit this to put information about yourself or your site so readers know where you are coming from. You can create as many pages like this one or sub-pages as you like and manage all of your content inside of WordPress.<\/p>\n","protected":false},"excerpt":{"rendered":"<p>This is an example of a WordPress page, you could edit this to put information about yourself or your site so readers [&hellip;]<\/p>\n","protected":false},"author":1,"featured_media":0,"parent":0,"menu_order":0,"comment_status":"open","ping_status":"open","template":"","meta":{"footnotes":""},"class_list":["post-2","page","type-page","status-publish","hentry"],"yoast_head":"<!-- This site is optimized with the Yoast SEO plugin v22.3 - https:\/\/yoast.com\/wordpress\/plugins\/seo\/ -->\n<title>About - D\u00e9pannage informatique \u00e0 domicile<\/title>\n<meta name=\"robots\" content=\"index, follow, max-snippet:-1, max-image-preview:large, max-video-preview:-1\" \/>\n<link rel=\"canonical\" href=\"https:\/\/www.pc-flash.fr\/wordpress\/about\/\" \/>\n<meta property=\"og:locale\" content=\"fr_FR\" \/>\n<meta property=\"og:type\" content=\"article\" \/>\n<meta property=\"og:title\" content=\"About - D\u00e9pannage informatique \u00e0 domicile\" \/>\n<meta property=\"og:description\" content=\"This is an example of a WordPress page, you could edit this to put information about yourself or your site so readers [&hellip;]\" \/>\n<meta property=\"og:url\" content=\"https:\/\/www.pc-flash.fr\/wordpress\/about\/\" \/>\n<meta property=\"og:site_name\" content=\"D\u00e9pannage informatique \u00e0 domicile\" \/>\n<meta property=\"article:publisher\" content=\"https:\/\/www.facebook.com\/Depannage-informatique-113538788847313\" \/>\n<script type=\"application\/ld+json\" class=\"yoast-schema-graph\">{\"@context\":\"https:\/\/schema.org\",\"@graph\":[{\"@type\":\"WebPage\",\"@id\":\"https:\/\/www.pc-flash.fr\/wordpress\/about\/\",\"url\":\"https:\/\/www.pc-flash.fr\/wordpress\/about\/\",\"name\":\"About - D\u00e9pannage informatique \u00e0 domicile\",\"isPartOf\":{\"@id\":\"https:\/\/www.pc-flash.fr\/wordpress\/#website\"},\"datePublished\":\"2009-09-18T17:00:54+00:00\",\"dateModified\":\"2009-09-18T17:00:54+00:00\",\"breadcrumb\":{\"@id\":\"https:\/\/www.pc-flash.fr\/wordpress\/about\/#breadcrumb\"},\"inLanguage\":\"fr-FR\",\"potentialAction\":[{\"@type\":\"ReadAction\",\"target\":[\"https:\/\/www.pc-flash.fr\/wordpress\/about\/\"]}]},{\"@type\":\"BreadcrumbList\",\"@id\":\"https:\/\/www.pc-flash.fr\/wordpress\/about\/#breadcrumb\",\"itemListElement\":[{\"@type\":\"ListItem\",\"position\":1,\"name\":\"Home\",\"item\":\"https:\/\/www.pc-flash.fr\/wordpress\/\"},{\"@type\":\"ListItem\",\"position\":2,\"name\":\"About\"}]},{\"@type\":\"WebSite\",\"@id\":\"https:\/\/www.pc-flash.fr\/wordpress\/#website\",\"url\":\"https:\/\/www.pc-flash.fr\/wordpress\/\",\"name\":\"D\u00e9pannage informatique \u00e0 domicile\",\"description\":\"Tout sur le d\u00e9pannage de votre ordinateur  T\u00e9l\u00e9phone : 01 79 73 36 73\",\"potentialAction\":[{\"@type\":\"SearchAction\",\"target\":{\"@type\":\"EntryPoint\",\"urlTemplate\":\"https:\/\/www.pc-flash.fr\/wordpress\/?s={search_term_string}\"},\"query-input\":\"required name=search_term_string\"}],\"inLanguage\":\"fr-FR\"}]}<\/script>\n<!-- \/ Yoast SEO plugin. -->","yoast_head_json":{"title":"About - D\u00e9pannage informatique \u00e0 domicile","robots":{"index":"index","follow":"follow","max-snippet":"max-snippet:-1","max-image-preview":"max-image-preview:large","max-video-preview":"max-video-preview:-1"},"canonical":"https:\/\/www.pc-flash.fr\/wordpress\/about\/","og_locale":"fr_FR","og_type":"article","og_title":"About - D\u00e9pannage informatique \u00e0 domicile","og_description":"This is an example of a WordPress page, you could edit this to put information about yourself or your site so readers [&hellip;]","og_url":"https:\/\/www.pc-flash.fr\/wordpress\/about\/","og_site_name":"D\u00e9pannage informatique \u00e0 domicile","article_publisher":"https:\/\/www.facebook.com\/Depannage-informatique-113538788847313","schema":{"@context":"https:\/\/schema.org","@graph":[{"@type":"WebPage","@id":"https:\/\/www.pc-flash.fr\/wordpress\/about\/","url":"https:\/\/www.pc-flash.fr\/wordpress\/about\/","name":"About - D\u00e9pannage informatique \u00e0 domicile","isPartOf":{"@id":"https:\/\/www.pc-flash.fr\/wordpress\/#website"},"datePublished":"2009-09-18T17:00:54+00:00","dateModified":"2009-09-18T17:00:54+00:00","breadcrumb":{"@id":"https:\/\/www.pc-flash.fr\/wordpress\/about\/#breadcrumb"},"inLanguage":"fr-FR","potentialAction":[{"@type":"ReadAction","target":["https:\/\/www.pc-flash.fr\/wordpress\/about\/"]}]},{"@type":"BreadcrumbList","@id":"https:\/\/www.pc-flash.fr\/wordpress\/about\/#breadcrumb","itemListElement":[{"@type":"ListItem","position":1,"name":"Home","item":"https:\/\/www.pc-flash.fr\/wordpress\/"},{"@type":"ListItem","position":2,"name":"About"}]},{"@type":"WebSite","@id":"https:\/\/www.pc-flash.fr\/wordpress\/#website","url":"https:\/\/www.pc-flash.fr\/wordpress\/","name":"D\u00e9pannage informatique \u00e0 domicile","description":"Tout sur le d\u00e9pannage de votre ordinateur  T\u00e9l\u00e9phone : 01 79 73 36 73","potentialAction":[{"@type":"SearchAction","target":{"@type":"EntryPoint","urlTemplate":"https:\/\/www.pc-flash.fr\/wordpress\/?s={search_term_string}"},"query-input":"required name=search_term_string"}],"inLanguage":"fr-FR"}]}},"_links":{"self":[{"href":"https:\/\/www.pc-flash.fr\/wordpress\/wp-json\/wp\/v2\/pages\/2","targetHints":{"allow":["GET"]}}],"collection":[{"href":"https:\/\/www.pc-flash.fr\/wordpress\/wp-json\/wp\/v2\/pages"}],"about":[{"href":"https:\/\/www.pc-flash.fr\/wordpress\/wp-json\/wp\/v2\/types\/page"}],"author":[{"embeddable":true,"href":"https:\/\/www.pc-flash.fr\/wordpress\/wp-json\/wp\/v2\/users\/1"}],"replies":[{"embeddable":true,"href":"https:\/\/www.pc-flash.fr\/wordpress\/wp-json\/wp\/v2\/comments?post=2"}],"version-history":[{"count":0,"href":"https:\/\/www.pc-flash.fr\/wordpress\/wp-json\/wp\/v2\/pages\/2\/revisions"}],"wp:attachment":[{"href":"https:\/\/www.pc-flash.fr\/wordpress\/wp-json\/wp\/v2\/media?parent=2"}],"curies":[{"name":"wp","href":"https:\/\/api.w.org\/{rel}","templated":true}]}}